{"id":745,"date":"2024-07-07T11:12:09","date_gmt":"2024-07-07T11:12:09","guid":{"rendered":"https:\/\/logitrade.dz\/?post_type=product&#038;p=745"},"modified":"2024-07-18T11:40:06","modified_gmt":"2024-07-18T11:40:06","slug":"soin-corps","status":"publish","type":"product","link":"https:\/\/logitrade.dz\/ar\/product\/soin-corps\/","title":{"rendered":"Soin corps"},"content":{"rendered":"<h3>Soin Corps<\/h3>\n<p><strong>Description:<\/strong> Les soins du corps incluent une vari\u00e9t\u00e9 de produits destin\u00e9s \u00e0 nourrir, hydrater et revitaliser la peau. Ces soins garantissent une peau douce, lisse et en bonne sant\u00e9.<\/p>\n<p><strong>Marques:<\/strong><\/p>\n<ul>\n<li><strong>Vatika<\/strong> : Produits naturels enrichis en huiles essentielles pour nourrir et prot\u00e9ger la peau.<\/li>\n<li><strong>Sigadent<\/strong> : Soins du corps con\u00e7us pour offrir une hydratation en profondeur et une protection durable.<\/li>\n<li><strong>Kiraliss<\/strong> : Gamme luxueuse de produits pour une peau satin\u00e9e et \u00e9clatante.<\/li>\n<li><strong>Fios de luxe<\/strong> : Soins premium pour une peau douce et revitalis\u00e9e.<\/li>\n<li><strong>Syoch<\/strong> : Produits innovants et efficaces pour r\u00e9pondre \u00e0 tous les besoins de soin du corps.<\/li>\n<\/ul>","protected":false},"excerpt":{"rendered":"<p>Soin Corps Description: Les soins du corps incluent une vari\u00e9t\u00e9 de produits destin\u00e9s \u00e0 nourrir, hydrater et revitaliser la peau. Ces soins garantissent une peau douce, lisse et en bonne sant\u00e9. Marques: Vatika : Produits naturels enrichis en huiles essentielles pour nourrir et prot\u00e9ger la peau. Sigadent : Soins du corps con\u00e7us pour offrir une [&hellip;]<\/p>","protected":false},"featured_media":761,"comment_status":"closed","ping_status":"closed","template":"","meta":{"ocean_post_layout":"","ocean_both_sidebars_style":"","ocean_both_sidebars_content_width":0,"ocean_both_sidebars_sidebars_width":0,"ocean_sidebar":"0","ocean_second_sidebar":"0","ocean_disable_margins":"enable","ocean_add_body_class":"","ocean_shortcode_before_top_bar":"","ocean_shortcode_after_top_bar":"","ocean_shortcode_before_header":"","ocean_shortcode_after_header":"","ocean_has_shortcode":"","ocean_shortcode_after_title":"","ocean_shortcode_before_footer_widgets":"","ocean_shortcode_after_footer_widgets":"","ocean_shortcode_before_footer_bottom":"","ocean_shortcode_after_footer_bottom":"","ocean_display_top_bar":"off","ocean_display_header":"off","ocean_header_style":"","ocean_center_header_left_menu":"0","ocean_custom_header_template":"0","ocean_custom_logo":0,"ocean_custom_retina_logo":0,"ocean_custom_logo_max_width":0,"ocean_custom_logo_tablet_max_width":0,"ocean_custom_logo_mobile_max_width":0,"ocean_custom_logo_max_height":0,"ocean_custom_logo_tablet_max_height":0,"ocean_custom_logo_mobile_max_height":0,"ocean_header_custom_menu":"0","ocean_menu_typo_font_family":"0","ocean_menu_typo_font_subset":"","ocean_menu_typo_font_size":0,"ocean_menu_typo_font_size_tablet":0,"ocean_menu_typo_font_size_mobile":0,"ocean_menu_typo_font_size_unit":"px","ocean_menu_typo_font_weight":"","ocean_menu_typo_font_weight_tablet":"","ocean_menu_typo_font_weight_mobile":"","ocean_menu_typo_transform":"","ocean_menu_typo_transform_tablet":"","ocean_menu_typo_transform_mobile":"","ocean_menu_typo_line_height":0,"ocean_menu_typo_line_height_tablet":0,"ocean_menu_typo_line_height_mobile":0,"ocean_menu_typo_line_height_unit":"","ocean_menu_typo_spacing":0,"ocean_menu_typo_spacing_tablet":0,"ocean_menu_typo_spacing_mobile":0,"ocean_menu_typo_spacing_unit":"","ocean_menu_link_color":"","ocean_menu_link_color_hover":"","ocean_menu_link_color_active":"","ocean_menu_link_background":"","ocean_menu_link_hover_background":"","ocean_menu_link_active_background":"","ocean_menu_social_links_bg":"","ocean_menu_social_hover_links_bg":"","ocean_menu_social_links_color":"","ocean_menu_social_hover_links_color":"","ocean_disable_title":"default","ocean_disable_heading":"default","ocean_post_title":"","ocean_post_subheading":"","ocean_post_title_style":"","ocean_post_title_background_color":"","ocean_post_title_background":0,"ocean_post_title_bg_image_position":"","ocean_post_title_bg_image_attachment":"","ocean_post_title_bg_image_repeat":"","ocean_post_title_bg_image_size":"","ocean_post_title_height":0,"ocean_post_title_bg_overlay":0.5,"ocean_post_title_bg_overlay_color":"","ocean_disable_breadcrumbs":"default","ocean_breadcrumbs_color":"","ocean_breadcrumbs_separator_color":"","ocean_breadcrumbs_links_color":"","ocean_breadcrumbs_links_hover_color":"","ocean_display_footer_widgets":"default","ocean_display_footer_bottom":"default","ocean_custom_footer_template":"0"},"product_cat":[33],"product_tag":[21,18,20],"_links":{"self":[{"href":"https:\/\/logitrade.dz\/ar\/wp-json\/wp\/v2\/product\/745"}],"collection":[{"href":"https:\/\/logitrade.dz\/ar\/wp-json\/wp\/v2\/product"}],"about":[{"href":"https:\/\/logitrade.dz\/ar\/wp-json\/wp\/v2\/types\/product"}],"replies":[{"embeddable":true,"href":"https:\/\/logitrade.dz\/ar\/wp-json\/wp\/v2\/comments?post=745"}],"version-history":[{"count":6,"href":"https:\/\/logitrade.dz\/ar\/wp-json\/wp\/v2\/product\/745\/revisions"}],"predecessor-version":[{"id":760,"href":"https:\/\/logitrade.dz\/ar\/wp-json\/wp\/v2\/product\/745\/revisions\/760"}],"wp:featuredmedia":[{"embeddable":true,"href":"https:\/\/logitrade.dz\/ar\/wp-json\/wp\/v2\/media\/761"}],"wp:attachment":[{"href":"https:\/\/logitrade.dz\/ar\/wp-json\/wp\/v2\/media?parent=745"}],"wp:term":[{"taxonomy":"product_cat","embeddable":true,"href":"https:\/\/logitrade.dz\/ar\/wp-json\/wp\/v2\/product_cat?post=745"},{"taxonomy":"product_tag","embeddable":true,"href":"https:\/\/logitrade.dz\/ar\/wp-json\/wp\/v2\/product_tag?post=745"}],"curies":[{"name":"wp","href":"https:\/\/api.w.org\/{rel}","templated":true}]}}