{"id":769,"date":"2024-07-10T09:48:24","date_gmt":"2024-07-10T09:48:24","guid":{"rendered":"https:\/\/logitrade.dz\/?post_type=product&#038;p=769"},"modified":"2024-07-18T11:57:26","modified_gmt":"2024-07-18T11:57:26","slug":"soin-visage","status":"publish","type":"product","link":"https:\/\/logitrade.dz\/ar\/product\/soin-visage\/","title":{"rendered":"Soin Visage"},"content":{"rendered":"<h3>Soin Visage<\/h3>\n<p><strong>Description:<\/strong> Les soins du visage sont essentiels pour maintenir une peau saine et \u00e9clatante. Ils incluent des nettoyants, des hydratants, des s\u00e9rums et d&#8217;autres produits sp\u00e9cialis\u00e9s pour divers types de peau.<\/p>\n<p><strong>Marques:<\/strong><\/p>\n<ul>\n<li><strong>Vatika<\/strong> : Soins du visage \u00e0 base d&#8217;ingr\u00e9dients naturels pour une peau saine et \u00e9quilibr\u00e9e.<\/li>\n<li><strong>Sigadent<\/strong> : Produits de haute qualit\u00e9 pour nettoyer, hydrater et prot\u00e9ger la peau du visage.<\/li>\n<li><strong>Kiraliss<\/strong> : Soin visage de luxe pour une peau rayonnante et sans imperfections.<\/li>\n<li><strong>Fios de luxe<\/strong> : Traitements de soin visage pour une apparence jeune et revitalis\u00e9e.<\/li>\n<li><strong>Syoch<\/strong> : Solutions avanc\u00e9es pour tous les types de peau, offrant des r\u00e9sultats visibles.<\/li>\n<\/ul>","protected":false},"excerpt":{"rendered":"<p>Soin Visage Description: Les soins du visage sont essentiels pour maintenir une peau saine et \u00e9clatante. Ils incluent des nettoyants, des hydratants, des s\u00e9rums et d&#8217;autres produits sp\u00e9cialis\u00e9s pour divers types de peau. Marques: Vatika : Soins du visage \u00e0 base d&#8217;ingr\u00e9dients naturels pour une peau saine et \u00e9quilibr\u00e9e. Sigadent : Produits de haute qualit\u00e9 [&hellip;]<\/p>","protected":false},"featured_media":774,"comment_status":"closed","ping_status":"closed","template":"","meta":{"ocean_post_layout":"","ocean_both_sidebars_style":"","ocean_both_sidebars_content_width":0,"ocean_both_sidebars_sidebars_width":0,"ocean_sidebar":"0","ocean_second_sidebar":"0","ocean_disable_margins":"enable","ocean_add_body_class":"","ocean_shortcode_before_top_bar":"","ocean_shortcode_after_top_bar":"","ocean_shortcode_before_header":"","ocean_shortcode_after_header":"","ocean_has_shortcode":"","ocean_shortcode_after_title":"","ocean_shortcode_before_footer_widgets":"","ocean_shortcode_after_footer_widgets":"","ocean_shortcode_before_footer_bottom":"","ocean_shortcode_after_footer_bottom":"","ocean_display_top_bar":"off","ocean_display_header":"off","ocean_header_style":"","ocean_center_header_left_menu":"0","ocean_custom_header_template":"0","ocean_custom_logo":0,"ocean_custom_retina_logo":0,"ocean_custom_logo_max_width":0,"ocean_custom_logo_tablet_max_width":0,"ocean_custom_logo_mobile_max_width":0,"ocean_custom_logo_max_height":0,"ocean_custom_logo_tablet_max_height":0,"ocean_custom_logo_mobile_max_height":0,"ocean_header_custom_menu":"0","ocean_menu_typo_font_family":"0","ocean_menu_typo_font_subset":"","ocean_menu_typo_font_size":0,"ocean_menu_typo_font_size_tablet":0,"ocean_menu_typo_font_size_mobile":0,"ocean_menu_typo_font_size_unit":"px","ocean_menu_typo_font_weight":"","ocean_menu_typo_font_weight_tablet":"","ocean_menu_typo_font_weight_mobile":"","ocean_menu_typo_transform":"","ocean_menu_typo_transform_tablet":"","ocean_menu_typo_transform_mobile":"","ocean_menu_typo_line_height":0,"ocean_menu_typo_line_height_tablet":0,"ocean_menu_typo_line_height_mobile":0,"ocean_menu_typo_line_height_unit":"","ocean_menu_typo_spacing":0,"ocean_menu_typo_spacing_tablet":0,"ocean_menu_typo_spacing_mobile":0,"ocean_menu_typo_spacing_unit":"","ocean_menu_link_color":"","ocean_menu_link_color_hover":"","ocean_menu_link_color_active":"","ocean_menu_link_background":"","ocean_menu_link_hover_background":"","ocean_menu_link_active_background":"","ocean_menu_social_links_bg":"","ocean_menu_social_hover_links_bg":"","ocean_menu_social_links_color":"","ocean_menu_social_hover_links_color":"","ocean_disable_title":"default","ocean_disable_heading":"default","ocean_post_title":"","ocean_post_subheading":"","ocean_post_title_style":"","ocean_post_title_background_color":"","ocean_post_title_background":0,"ocean_post_title_bg_image_position":"","ocean_post_title_bg_image_attachment":"","ocean_post_title_bg_image_repeat":"","ocean_post_title_bg_image_size":"","ocean_post_title_height":0,"ocean_post_title_bg_overlay":0.5,"ocean_post_title_bg_overlay_color":"","ocean_disable_breadcrumbs":"default","ocean_breadcrumbs_color":"","ocean_breadcrumbs_separator_color":"","ocean_breadcrumbs_links_color":"","ocean_breadcrumbs_links_hover_color":"","ocean_display_footer_widgets":"default","ocean_display_footer_bottom":"default","ocean_custom_footer_template":"0"},"product_cat":[34],"product_tag":[17,20],"_links":{"self":[{"href":"https:\/\/logitrade.dz\/ar\/wp-json\/wp\/v2\/product\/769"}],"collection":[{"href":"https:\/\/logitrade.dz\/ar\/wp-json\/wp\/v2\/product"}],"about":[{"href":"https:\/\/logitrade.dz\/ar\/wp-json\/wp\/v2\/types\/product"}],"replies":[{"embeddable":true,"href":"https:\/\/logitrade.dz\/ar\/wp-json\/wp\/v2\/comments?post=769"}],"version-history":[{"count":1,"href":"https:\/\/logitrade.dz\/ar\/wp-json\/wp\/v2\/product\/769\/revisions"}],"predecessor-version":[{"id":775,"href":"https:\/\/logitrade.dz\/ar\/wp-json\/wp\/v2\/product\/769\/revisions\/775"}],"wp:featuredmedia":[{"embeddable":true,"href":"https:\/\/logitrade.dz\/ar\/wp-json\/wp\/v2\/media\/774"}],"wp:attachment":[{"href":"https:\/\/logitrade.dz\/ar\/wp-json\/wp\/v2\/media?parent=769"}],"wp:term":[{"taxonomy":"product_cat","embeddable":true,"href":"https:\/\/logitrade.dz\/ar\/wp-json\/wp\/v2\/product_cat?post=769"},{"taxonomy":"product_tag","embeddable":true,"href":"https:\/\/logitrade.dz\/ar\/wp-json\/wp\/v2\/product_tag?post=769"}],"curies":[{"name":"wp","href":"https:\/\/api.w.org\/{rel}","templated":true}]}}