{"id":776,"date":"2024-07-10T10:09:17","date_gmt":"2024-07-10T10:09:17","guid":{"rendered":"https:\/\/logitrade.dz\/?post_type=product&#038;p=776"},"modified":"2024-07-18T11:53:02","modified_gmt":"2024-07-18T11:53:02","slug":"soin-bebe","status":"publish","type":"product","link":"https:\/\/logitrade.dz\/ar\/product\/soin-bebe\/","title":{"rendered":"Soin B\u00e9b\u00e9"},"content":{"rendered":"<h3>Soin B\u00e9b\u00e9<\/h3>\n<p><strong>Description:<\/strong> Les soins pour b\u00e9b\u00e9 sont sp\u00e9cialement formul\u00e9s pour la peau d\u00e9licate et sensible des tout-petits. Ils comprennent des produits doux et s\u00fbrs pour le bain, l&#8217;hydratation et le bien-\u00eatre g\u00e9n\u00e9ral des b\u00e9b\u00e9s.<\/p>\n<p><strong>Marques:<\/strong><\/p>\n<ul>\n<li><strong>Vatika<\/strong> : Produits naturels et doux pour la peau sensible des b\u00e9b\u00e9s.<\/li>\n<li><strong>Sigadent<\/strong> : Soins pour b\u00e9b\u00e9 offrant une protection et une hydratation optimale.<\/li>\n<li><strong>Kiraliss<\/strong> : Gamme d\u00e9licate pour le soin quotidien des nourrissons.<\/li>\n<li><strong>Fios de luxe<\/strong> : Produits premium pour le confort et la protection de la peau des b\u00e9b\u00e9s.<\/li>\n<li><strong>Fios kids<\/strong> : Soins sp\u00e9cialement con\u00e7us pour les enfants, garantissant douceur et s\u00e9curit\u00e9.<\/li>\n<li><strong>Syoch<\/strong> : Produits innovants et s\u00e9curis\u00e9s pour r\u00e9pondre aux besoins sp\u00e9cifiques des b\u00e9b\u00e9s.<\/li>\n<\/ul>","protected":false},"excerpt":{"rendered":"<p>Soin B\u00e9b\u00e9 Description: Les soins pour b\u00e9b\u00e9 sont sp\u00e9cialement formul\u00e9s pour la peau d\u00e9licate et sensible des tout-petits. Ils comprennent des produits doux et s\u00fbrs pour le bain, l&#8217;hydratation et le bien-\u00eatre g\u00e9n\u00e9ral des b\u00e9b\u00e9s. Marques: Vatika : Produits naturels et doux pour la peau sensible des b\u00e9b\u00e9s. Sigadent : Soins pour b\u00e9b\u00e9 offrant une [&hellip;]<\/p>","protected":false},"featured_media":777,"comment_status":"closed","ping_status":"closed","template":"","meta":{"ocean_post_layout":"","ocean_both_sidebars_style":"","ocean_both_sidebars_content_width":0,"ocean_both_sidebars_sidebars_width":0,"ocean_sidebar":"0","ocean_second_sidebar":"0","ocean_disable_margins":"enable","ocean_add_body_class":"","ocean_shortcode_before_top_bar":"","ocean_shortcode_after_top_bar":"","ocean_shortcode_before_header":"","ocean_shortcode_after_header":"","ocean_has_shortcode":"","ocean_shortcode_after_title":"","ocean_shortcode_before_footer_widgets":"","ocean_shortcode_after_footer_widgets":"","ocean_shortcode_before_footer_bottom":"","ocean_shortcode_after_footer_bottom":"","ocean_display_top_bar":"off","ocean_display_header":"off","ocean_header_style":"","ocean_center_header_left_menu":"0","ocean_custom_header_template":"0","ocean_custom_logo":0,"ocean_custom_retina_logo":0,"ocean_custom_logo_max_width":0,"ocean_custom_logo_tablet_max_width":0,"ocean_custom_logo_mobile_max_width":0,"ocean_custom_logo_max_height":0,"ocean_custom_logo_tablet_max_height":0,"ocean_custom_logo_mobile_max_height":0,"ocean_header_custom_menu":"0","ocean_menu_typo_font_family":"0","ocean_menu_typo_font_subset":"","ocean_menu_typo_font_size":0,"ocean_menu_typo_font_size_tablet":0,"ocean_menu_typo_font_size_mobile":0,"ocean_menu_typo_font_size_unit":"px","ocean_menu_typo_font_weight":"","ocean_menu_typo_font_weight_tablet":"","ocean_menu_typo_font_weight_mobile":"","ocean_menu_typo_transform":"","ocean_menu_typo_transform_tablet":"","ocean_menu_typo_transform_mobile":"","ocean_menu_typo_line_height":0,"ocean_menu_typo_line_height_tablet":0,"ocean_menu_typo_line_height_mobile":0,"ocean_menu_typo_line_height_unit":"","ocean_menu_typo_spacing":0,"ocean_menu_typo_spacing_tablet":0,"ocean_menu_typo_spacing_mobile":0,"ocean_menu_typo_spacing_unit":"","ocean_menu_link_color":"","ocean_menu_link_color_hover":"","ocean_menu_link_color_active":"","ocean_menu_link_background":"","ocean_menu_link_hover_background":"","ocean_menu_link_active_background":"","ocean_menu_social_links_bg":"","ocean_menu_social_hover_links_bg":"","ocean_menu_social_links_color":"","ocean_menu_social_hover_links_color":"","ocean_disable_title":"default","ocean_disable_heading":"default","ocean_post_title":"","ocean_post_subheading":"","ocean_post_title_style":"","ocean_post_title_background_color":"","ocean_post_title_background":0,"ocean_post_title_bg_image_position":"","ocean_post_title_bg_image_attachment":"","ocean_post_title_bg_image_repeat":"","ocean_post_title_bg_image_size":"","ocean_post_title_height":0,"ocean_post_title_bg_overlay":0.5,"ocean_post_title_bg_overlay_color":"","ocean_disable_breadcrumbs":"default","ocean_breadcrumbs_color":"","ocean_breadcrumbs_separator_color":"","ocean_breadcrumbs_links_color":"","ocean_breadcrumbs_links_hover_color":"","ocean_display_footer_widgets":"default","ocean_display_footer_bottom":"default","ocean_custom_footer_template":"0"},"product_cat":[35],"product_tag":[21],"_links":{"self":[{"href":"https:\/\/logitrade.dz\/ar\/wp-json\/wp\/v2\/product\/776"}],"collection":[{"href":"https:\/\/logitrade.dz\/ar\/wp-json\/wp\/v2\/product"}],"about":[{"href":"https:\/\/logitrade.dz\/ar\/wp-json\/wp\/v2\/types\/product"}],"replies":[{"embeddable":true,"href":"https:\/\/logitrade.dz\/ar\/wp-json\/wp\/v2\/comments?post=776"}],"version-history":[{"count":1,"href":"https:\/\/logitrade.dz\/ar\/wp-json\/wp\/v2\/product\/776\/revisions"}],"predecessor-version":[{"id":778,"href":"https:\/\/logitrade.dz\/ar\/wp-json\/wp\/v2\/product\/776\/revisions\/778"}],"wp:featuredmedia":[{"embeddable":true,"href":"https:\/\/logitrade.dz\/ar\/wp-json\/wp\/v2\/media\/777"}],"wp:attachment":[{"href":"https:\/\/logitrade.dz\/ar\/wp-json\/wp\/v2\/media?parent=776"}],"wp:term":[{"taxonomy":"product_cat","embeddable":true,"href":"https:\/\/logitrade.dz\/ar\/wp-json\/wp\/v2\/product_cat?post=776"},{"taxonomy":"product_tag","embeddable":true,"href":"https:\/\/logitrade.dz\/ar\/wp-json\/wp\/v2\/product_tag?post=776"}],"curies":[{"name":"wp","href":"https:\/\/api.w.org\/{rel}","templated":true}]}}